{"id":2380,"date":"2019-09-02T07:23:47","date_gmt":"2019-09-02T05:23:47","guid":{"rendered":"https:\/\/travaux.lemancel.fr\/home\/"},"modified":"2025-07-16T12:56:06","modified_gmt":"2025-07-16T10:56:06","slug":"home","status":"publish","type":"page","link":"https:\/\/travaux.lemancel.fr\/en\/","title":{"rendered":"Home"},"content":{"rendered":"<h1>\n<p>Gastronomy and heritage<br \/>at<span> Caen Castle<\/span><\/p>\n<\/h1>\n<div>Fine flavors, historic surroundings and suspended moments.<\/div>\n<p><a href=\"#down\"><img decoding=\"async\" src=\"\/wp-content\/uploads\/2025\/07\/icon-down.svg\" alt=\"\"><\/a><\/p>\n<h1>The restaurant faces the ramparts and the delightful statue garden. Opened in 1994, Le Mancel pays tribute to Pierre Bernard Mancel, a former bookseller and fine collector from Caen.<\/h1>\n<div>\n<p>49.1856821,-0.3614801<\/p>\n<h3>Le Mancel<\/h3>\n<div>Le Ch\u00e2teau Ducal &#8211; Mus\u00e9e des Beaux-Arts, Ch\u00e2teau de Caen, 14000 Caen<\/div>\n<\/div>\n<div>\n<div class=\"line-div\"><\/div>\n<\/div>\n<div>On his death in 1872, Pierre Bernard Mancel, a humble donor, bequeathed 45 17th-century Dutch paintings and a number of Flemish and Italian ones, including Rogier van der Weyden&#8217;s Virgin and Child and Cosimo Tura&#8217;s Saint James, as well as objets d&#8217;art and his albums of prints, all of which were placed in the Mus\u00e9e des Beaux-Arts.<\/div>\n<ul>\n<li>\n<p>\n        <a href=\"https:\/\/travaux.lemancel.fr\/en\/the-menu\/\">The menu<\/a>\n    <\/p>\n<\/li>\n<li>\n<p>\n        <a href=\"https:\/\/travaux.lemancel.fr\/en\/contact\/\">BOOK THE ROOFTOP<\/a>\n    <\/p>\n<\/li>\n<\/ul>\n<ul>\n<li>\n<p>        <img decoding=\"async\" src=\"\/wp-content\/uploads\/2025\/07\/panel-left-home-mancel-2.jpg\" alt=\"\"><\/p>\n<h3>Covered terrace with table<\/h3>\n<\/li>\n<li>\n<p>        <img decoding=\"async\" src=\"\/wp-content\/uploads\/2025\/07\/panel-right-home-mancel-2.jpg\" alt=\"\"><\/p>\n<h3>Lively rooftop with bar and outdoor lounge<\/h3>\n<\/li>\n<\/ul>\n<h2>\n<p>A MOMENT SUSPENDED BETWEEN<br \/><span>HERITAGE<\/span> &amp; <span>MODERNITY<\/span><\/p>\n<\/h2>\n<div>\n<div>Open Tuesday to Saturday<br \/>Lunch: 10.00 &#8211; 14.00<br \/>Dinner: 19.00 &#8211; 21.30<br \/>Sunday: 10.00 &#8211; 17.00<br \/>Closed on Mondays<\/div>\n<\/div>\n<ul>\n<li>\n<p>        <img decoding=\"async\" src=\"\/wp-content\/uploads\/2025\/07\/grid-ville-mancel-1.jpg\" alt=\"\"><\/p>\n<h3>grid-ville-mancel-1<\/h3>\n<\/li>\n<li>\n<p>        <img decoding=\"async\" src=\"\/wp-content\/uploads\/2025\/07\/grid-ville-mancel-2.jpg\" alt=\"\"><\/p>\n<h3>grid-ville-mancel-2<\/h3>\n<\/li>\n<li>\n<p>        <img decoding=\"async\" src=\"\/wp-content\/uploads\/2025\/07\/grid-ville-mancel-3.jpg\" alt=\"\"><\/p>\n<h3>grid-ville-mancel-3<\/h3>\n<\/li>\n<\/ul>\n<p><img decoding=\"async\" src=\"\/wp-content\/uploads\/2025\/06\/forme-chateau-section.svg\" alt=\"\"><\/p>\n<h2>Event planning<\/h2>\n<div>an evening where music meets gastronomy.<\/div>\n<div>\n<div class=\"line-div\"><\/div>\n<\/div>\n<div>Jazz, piano, French chanson or acoustic&#8230; Each evening is an invitation to escape, between the pleasures of the palate and musical emotions.<\/div>\n<p><p>\n        DISCOVER    <\/p>\n<\/p>\n<p><!--more--><br \/>\n<!-- {\"type\":\"layout\",\"children\":[{\"type\":\"section\",\"props\":{\"animation\":\"slide-bottom-medium\",\"animation_delay\":\"220\",\"header_transparent\":true,\"height\":\"viewport\",\"image\":\"wp-content\\\/uploads\\\/2025\\\/07\\\/img-hero-home-v2.jpg\",\"image_position\":\"center-center\",\"image_size\":\"cover\",\"media_blend_mode\":\"luminosity\",\"media_overlay_gradient\":\"linear-gradient(180deg, #1D1D1B 0%, rgba(29, 29, 27, 0.50) 33%, rgba(29, 29, 27, 0.50) 33%, #1D1D1B 100%)\",\"style\":\"default\",\"title_breakpoint\":\"xl\",\"title_position\":\"top-left\",\"title_rotation\":\"left\",\"vertical_align\":\"middle\",\"width\":\"large\"},\"children\":[{\"type\":\"row\",\"children\":[{\"type\":\"column\",\"props\":{\"image_position\":\"center-center\",\"position_sticky_breakpoint\":\"m\"},\"children\":[{\"type\":\"headline\",\"props\":{\"content\":\"\n\n<p>Gastronomy and heritage<br \/>at<span> Caen Castle<\\\/span><\\\/p>\",\"css\":\"span{\\n\\tcolor:#C19C51;}\",\"text_align\":\"center\",\"title_element\":\"h1\",\"title_style\":\"heading-large\"}},{\"type\":\"text\",\"props\":{\"column_breakpoint\":\"m\",\"content\":\"Fine flavors, historic surroundings and suspended moments.\",\"margin\":\"default\",\"margin_remove_top\":true,\"text_align\":\"center\"}}]}]},{\"type\":\"row\",\"children\":[{\"type\":\"column\",\"props\":{\"image_position\":\"center-center\",\"position_sticky_breakpoint\":\"m\"},\"children\":[{\"type\":\"image\",\"props\":{\"css\":\"img{\\n  animation: floatUpDown 2s ease-in-out infinite;\\n}\\n\\n@keyframes floatUpDown {\\n  0% {\\n    transform: translateY(0px);\\n  }\\n  50% {\\n    transform: translateY(-10px);\\n  }\\n  100% {\\n    transform: translateY(0px);\\n  }\\n}\\n\",\"image\":\"wp-content\\\/uploads\\\/2025\\\/07\\\/icon-down.svg\",\"image_svg_color\":\"emphasis\",\"link\":\"#down\",\"margin\":\"default\",\"text_align\":\"center\"}}]}],\"props\":{\"margin\":\"large\"}}],\"name\":\"Hero\"},{\"type\":\"section\",\"props\":{\"animation\":\"slide-left-medium\",\"animation_delay\":\"200\",\"id\":\"down\",\"image_position\":\"center-center\",\"padding\":\"xlarge\",\"style\":\"default\",\"title_breakpoint\":\"xl\",\"title_position\":\"top-left\",\"title_rotation\":\"left\",\"vertical_align\":\"middle\",\"width\":\"large\"},\"children\":[{\"type\":\"row\",\"props\":{\"column_gap\":\"large\",\"layout\":\"1-2,1-2\",\"row_gap\":\"large\"},\"children\":[{\"type\":\"column\",\"props\":{\"image_position\":\"center-center\",\"position_sticky_breakpoint\":\"m\",\"width_medium\":\"1-2\"},\"children\":[{\"type\":\"headline\",\"props\":{\"content\":\"The restaurant faces the ramparts and the delightful statue garden. Opened in 1994, Le Mancel pays tribute to Pierre Bernard Mancel, a former bookseller and fine collector from Caen.\",\"title_element\":\"h1\"}},{\"type\":\"map\",\"props\":{\"controls\":true,\"css\":\".el-element{\\n    filter:grayscale(1);\\n}\\n\\n\",\"dragging\":true,\"fit_bounds\":false,\"height\":450,\"image_svg_color\":\"emphasis\",\"item_text_align\":\"center\",\"link_style\":\"default\",\"link_text\":\"Read more\",\"margin\":\"default\",\"max_zoom\":18,\"meta_align\":\"below-title\",\"meta_element\":\"div\",\"meta_style\":\"text-meta\",\"min_zoom\":\"14\",\"poi\":false,\"position\":\"relative\",\"show_content\":true,\"show_image\":true,\"show_link\":false,\"show_meta\":false,\"show_title\":false,\"styler_gamma\":2,\"styler_invert_lightness\":false,\"styler_lightness\":39,\"styler_saturation\":-100,\"title_element\":\"h3\",\"title_hover_style\":\"reset\",\"type\":\"roadmap\",\"zoom\":\"15\",\"zooming\":true},\"children\":[{\"type\":\"map_item\",\"props\":{\"content\":\"Le Ch\\u00e2teau Ducal - Mus\\u00e9e des Beaux-Arts, Ch\\u00e2teau de Caen, 14000 Caen\",\"location\":\"49.1856821,-0.3614801\",\"marker_icon\":\"wp-content\\\/uploads\\\/2025\\\/07\\\/favicon.svg\",\"marker_icon_width\":35,\"title\":\"Le Mancel\"}}],\"name\":\"Map\"}]},{\"type\":\"column\",\"props\":{\"image_position\":\"center-center\",\"position_sticky_breakpoint\":\"m\",\"vertical_align\":\"middle\",\"width_medium\":\"1-2\"},\"children\":[{\"type\":\"html\",\"props\":{\"content\":\"\n\n<div class=\\\"line-div\\\"><\\\/div>\",\"css\":\".line-div {\\n  \\twidth: 64px;\\n  \\tposition: relative;\\n  \\tborder-top: 2px solid #c19c51;\\n  \\tbox-sizing: border-box;\\n  \\theight: 3px;\\n}\"}},{\"type\":\"text\",\"props\":{\"column_breakpoint\":\"m\",\"content\":\"On his death in 1872, Pierre Bernard Mancel, a humble donor, bequeathed 45 17th-century Dutch paintings and a number of Flemish and Italian ones, including Rogier van der Weyden's Virgin and Child and Cosimo Tura's Saint James, as well as objets d'art and his albums of prints, all of which were placed in the Mus\\u00e9e des Beaux-Arts.\",\"margin\":\"default\"}},{\"type\":\"button\",\"props\":{\"grid_column_gap\":\"small\",\"grid_row_gap\":\"small\",\"margin\":\"default\",\"text_align\":\"left\"},\"children\":[{\"type\":\"button_item\",\"props\":{\"button_style\":\"primary\",\"content\":\"The menu\",\"dialog_layout\":\"modal\",\"dialog_offcanvas_flip\":true,\"icon_align\":\"left\",\"link\":\"en\\\/the-menu\"}},{\"type\":\"button_item\",\"props\":{\"button_style\":\"secondary\",\"content\":\"BOOK THE ROOFTOP\",\"dialog_layout\":\"modal\",\"dialog_offcanvas_flip\":true,\"icon_align\":\"left\",\"link\":\"en\\\/contact\"}}]}]}]}],\"name\":\"Section Mancel\"},{\"type\":\"section\",\"props\":{\"image_position\":\"center-center\",\"style\":\"default\",\"title_breakpoint\":\"xl\",\"title_position\":\"top-left\",\"title_rotation\":\"left\",\"vertical_align\":\"middle\",\"width\":\"\"},\"children\":[{\"type\":\"row\",\"children\":[{\"type\":\"column\",\"props\":{\"image_position\":\"center-center\",\"position_sticky_breakpoint\":\"m\"},\"children\":[{\"type\":\"gallery\",\"props\":{\"filter_align\":\"left\",\"filter_all\":true,\"filter_grid_breakpoint\":\"m\",\"filter_grid_width\":\"auto\",\"filter_position\":\"top\",\"filter_style\":\"tab\",\"grid_column_gap\":\"collapse\",\"grid_default\":\"1\",\"grid_medium\":\"2\",\"grid_row_gap\":\"collapse\",\"image_transition\":\"scale-down\",\"image_width\":1000,\"item_animation\":true,\"lightbox_bg_close\":true,\"link_style\":\"default\",\"link_text\":\"Read more\",\"margin\":\"default\",\"meta_align\":\"below-title\",\"meta_element\":\"div\",\"meta_style\":\"text-meta\",\"overlay_hover\":false,\"overlay_mode\":\"caption\",\"overlay_position\":\"bottom-left\",\"overlay_style\":\"\",\"overlay_transition\":\"fade\",\"show_content\":true,\"show_hover_image\":true,\"show_hover_video\":true,\"show_link\":true,\"show_meta\":true,\"show_title\":true,\"text_align\":\"center\",\"text_color\":\"light\",\"title_element\":\"h3\",\"title_font_family\":\"primary\",\"title_hover_style\":\"reset\"},\"children\":[{\"type\":\"gallery_item\",\"props\":{\"image\":\"wp-content\\\/uploads\\\/2025\\\/07\\\/panel-left-home-mancel-2.jpg\",\"title\":\"Covered terrace with table\"}},{\"type\":\"gallery_item\",\"props\":{\"image\":\"wp-content\\\/uploads\\\/2025\\\/07\\\/panel-right-home-mancel-2.jpg\",\"title\":\"Lively rooftop with bar and outdoor lounge\"}}],\"name\":\"Gallerie - 2\"}]}]}]},{\"type\":\"section\",\"props\":{\"image_position\":\"center-center\",\"padding\":\"large\",\"style\":\"default\",\"title_breakpoint\":\"xl\",\"title_position\":\"top-left\",\"title_rotation\":\"left\",\"vertical_align\":\"middle\",\"width\":\"default\"},\"children\":[{\"type\":\"row\",\"children\":[{\"type\":\"column\",\"props\":{\"image_position\":\"center-center\",\"position_sticky_breakpoint\":\"m\"},\"children\":[{\"type\":\"headline\",\"props\":{\"block_align\":\"center\",\"content\":\"\n\n<p>A MOMENT SUSPENDED BETWEEN<br \\\/><span>HERITAGE<\\\/span> &amp; <span>MODERNITY<\\\/span><\\\/p>\",\"css\":\"span{\\n\\tcolor:#C19C51;}\",\"maxwidth\":\"2xlarge\",\"text_align\":\"center\",\"title_element\":\"h2\",\"title_style\":\"heading-small\"}},{\"type\":\"list\",\"props\":{\"column_breakpoint\":\"m\",\"image_align\":\"left\",\"image_svg_color\":\"emphasis\",\"image_vertical_align\":true,\"list_element\":\"ul\",\"list_horizontal_separator\":\", \",\"list_type\":\"vertical\",\"show_image\":true,\"show_link\":true,\"text_align\":\"center\"},\"children\":[{\"type\":\"list_item\",\"props\":{\"content\":\"Open Tuesday to Saturday<br \\\/>Lunch: 10.00 - 14.00<br \\\/>Dinner: 19.00 - 21.30<br \\\/>Sunday: 10.00 - 17.00<br \\\/>Closed on Mondays\"}}],\"name\":\"Horaires EN\"}]}],\"props\":{\"margin\":\"medium\"}},{\"type\":\"row\",\"children\":[{\"type\":\"column\",\"props\":{\"image_position\":\"center-center\",\"position_sticky_breakpoint\":\"m\"}}]}]},{\"type\":\"section\",\"props\":{\"height_viewport\":500,\"image\":\"wp-content\\\/uploads\\\/2025\\\/07\\\/section-hero-restaurant-2.jpg\",\"image_position\":\"center-center\",\"image_size\":\"cover\",\"media_overlay\":\"rgba(193, 156, 81, 0.95)\",\"padding\":\"xlarge\",\"padding_remove_bottom\":true,\"padding_remove_top\":true,\"style\":\"default\",\"title_breakpoint\":\"xl\",\"title_position\":\"top-left\",\"title_rotation\":\"left\",\"vertical_align\":\"middle\",\"width\":\"xlarge\"},\"children\":[{\"type\":\"row\",\"props\":{\"margin\":\"xlarge\"},\"children\":[{\"type\":\"column\",\"props\":{\"image_position\":\"center-center\",\"position_sticky_breakpoint\":\"m\"},\"children\":[{\"type\":\"gallery\",\"props\":{\"filter_align\":\"left\",\"filter_all\":true,\"filter_grid_breakpoint\":\"m\",\"filter_grid_width\":\"auto\",\"filter_position\":\"top\",\"filter_style\":\"tab\",\"grid_column_align\":false,\"grid_default\":\"1\",\"grid_medium\":\"3\",\"grid_parallax\":\"32\",\"grid_parallax_justify\":false,\"grid_row_align\":false,\"item_animation\":true,\"lightbox_bg_close\":true,\"link_style\":\"default\",\"link_text\":\"Read more\",\"margin\":\"default\",\"meta_align\":\"below-title\",\"meta_element\":\"div\",\"meta_style\":\"text-meta\",\"overlay_hover\":false,\"overlay_mode\":\"caption\",\"overlay_position\":\"center\",\"overlay_style\":\"overlay-primary\",\"overlay_transition\":\"fade\",\"position\":\"relative\",\"position_top\":\"-75\",\"show_content\":true,\"show_hover_image\":true,\"show_hover_video\":true,\"show_link\":false,\"show_meta\":true,\"show_title\":false,\"text_align\":\"center\",\"text_color\":\"light\",\"title_element\":\"h3\",\"title_hover_style\":\"reset\"},\"children\":[{\"type\":\"gallery_item\",\"props\":{\"image\":\"wp-content\\\/uploads\\\/2025\\\/07\\\/grid-ville-mancel-1.jpg\",\"title\":\"grid-ville-mancel-1\"}},{\"type\":\"gallery_item\",\"props\":{\"image\":\"wp-content\\\/uploads\\\/2025\\\/07\\\/grid-ville-mancel-2.jpg\",\"title\":\"grid-ville-mancel-2\"}},{\"type\":\"gallery_item\",\"props\":{\"image\":\"wp-content\\\/uploads\\\/2025\\\/07\\\/grid-ville-mancel-3.jpg\",\"title\":\"grid-ville-mancel-3\"}}]}]}]},{\"type\":\"row\",\"props\":{\"width\":\"default\"},\"children\":[{\"type\":\"column\",\"props\":{\"image_position\":\"center-center\",\"position_sticky_breakpoint\":\"m\"},\"children\":[{\"type\":\"image\",\"props\":{\"image\":\"wp-content\\\/uploads\\\/2025\\\/06\\\/forme-chateau-section.svg\",\"image_svg_color\":\"emphasis\",\"image_width\":1920,\"margin\":\"default\",\"margin_remove_bottom\":true}}]}]}]},{\"type\":\"section\",\"props\":{\"animation\":\"slide-left-medium\",\"animation_delay\":\"110\",\"image_position\":\"center-center\",\"padding\":\"xlarge\",\"padding_remove_bottom\":false,\"style\":\"default\",\"title_breakpoint\":\"xl\",\"title_position\":\"top-left\",\"title_rotation\":\"left\",\"vertical_align\":\"middle\",\"width\":\"large\"},\"children\":[{\"type\":\"row\",\"props\":{\"column_gap\":\"large\",\"layout\":\"1-2,1-2\"},\"children\":[{\"type\":\"column\",\"props\":{\"image_position\":\"center-center\",\"position_sticky_breakpoint\":\"m\",\"width_medium\":\"1-2\"},\"children\":[{\"type\":\"headline\",\"props\":{\"content\":\"Event planning\",\"margin_remove_bottom\":true,\"title_element\":\"h2\",\"title_style\":\"heading-medium\"}},{\"type\":\"text\",\"props\":{\"column_breakpoint\":\"m\",\"content\":\"an evening where music meets gastronomy.\",\"margin\":\"default\",\"margin_remove_top\":true}},{\"type\":\"html\",\"props\":{\"content\":\"\n\n<div class=\\\"line-div\\\"><\\\/div>\",\"css\":\".line-div {\\n  \\twidth: 64px;\\n  \\tposition: relative;\\n  \\tborder-top: 2px solid #c19c51;\\n  \\tbox-sizing: border-box;\\n  \\theight: 3px;\\n}\\n\\n\"}},{\"type\":\"text\",\"props\":{\"column_breakpoint\":\"m\",\"content\":\"Jazz, piano, French chanson or acoustic... Each evening is an invitation to escape, between the pleasures of the palate and musical emotions.\",\"margin\":\"default\",\"maxwidth\":\"large\"}},{\"type\":\"text\",\"props\":{\"column_breakpoint\":\"m\",\"css\":\"span{\\n\\tcolor:#C19C51;}\",\"margin\":\"large\",\"margin_remove_bottom\":true,\"margin_remove_top\":false},\"source\":{\"query\":{\"name\":\"dinerConcerts.customDinerConcert\",\"arguments\":{\"terms\":[],\"category_operator\":\"IN\",\"users\":[],\"users_operator\":\"IN\",\"offset\":0,\"order\":\"date\",\"order_direction\":\"ASC\"}},\"props\":{\"content\":{\"filters\":{\"date\":\"\",\"before\":\"<span>Next evening : <\\\/span>\"},\"name\":\"field.date_et_heure\"}}}},{\"type\":\"headline\",\"props\":{\"margin_remove_bottom\":true,\"margin_remove_top\":true,\"title_element\":\"h3\",\"title_style\":\"h1\"},\"source\":{\"query\":{\"name\":\"dinerConcerts.customDinerConcert\",\"arguments\":{\"terms\":[],\"category_operator\":\"IN\",\"users\":[],\"users_operator\":\"IN\",\"offset\":0,\"order\":\"date\",\"order_direction\":\"ASC\"}},\"props\":{\"content\":{\"name\":\"title\"}}}},{\"type\":\"headline\",\"props\":{\"margin_remove_bottom\":true,\"margin_remove_top\":true,\"title_color\":\"primary\",\"title_element\":\"h3\",\"title_style\":\"h2\"},\"source\":{\"query\":{\"name\":\"dinerConcerts.customDinerConcert\",\"arguments\":{\"terms\":[],\"category_operator\":\"IN\",\"users\":[],\"users_operator\":\"IN\",\"offset\":0,\"order\":\"date\",\"order_direction\":\"ASC\"}},\"props\":{\"content\":{\"name\":\"field.prix\",\"filters\":{\"after\":\" \\u20ac\"}}}},\"name\":\"PRIX\"},{\"type\":\"button\",\"props\":{\"grid_column_gap\":\"small\",\"grid_row_gap\":\"small\",\"margin\":\"default\"},\"children\":[{\"type\":\"button_item\",\"props\":{\"button_style\":\"text\",\"content\":\"DISCOVER\",\"dialog_layout\":\"modal\",\"dialog_offcanvas_flip\":true,\"icon_align\":\"left\"},\"source_extended\":{\"props\":{\"link\":{\"query\":{\"name\":\"#parent\"},\"name\":\"link\"}}}}],\"source\":{\"query\":{\"name\":\"dinerConcerts.customDinerConcert\",\"arguments\":{\"terms\":[],\"category_operator\":\"IN\",\"users\":[],\"users_operator\":\"IN\",\"offset\":0,\"order\":\"date\",\"order_direction\":\"ASC\"}}},\"name\":\"btn-event\"}]},{\"type\":\"column\",\"props\":{\"image_position\":\"center-center\",\"position_sticky_breakpoint\":\"m\",\"vertical_align\":\"middle\",\"width_medium\":\"1-2\"},\"children\":[{\"type\":\"image\",\"props\":{\"height_expand\":true,\"image_svg_color\":\"emphasis\",\"image_viewport_height\":true,\"margin\":\"default\",\"text_align\":\"right\"},\"source\":{\"query\":{\"name\":\"dinerConcerts.customDinerConcert\",\"arguments\":{\"terms\":[],\"category_operator\":\"IN\",\"users\":[],\"users_operator\":\"IN\",\"offset\":0,\"order\":\"date\",\"order_direction\":\"ASC\"}},\"props\":{\"image\":{\"name\":\"featuredImage.url\"}}}}]}]}]}],\"version\":\"4.5.20\",\"yooessentialsVersion\":\"2.3.12\"} --><\/p>\n","protected":false},"excerpt":{"rendered":"<p>Gastronomy and heritageat Caen Castle Fine flavors, historic surroundings and suspended moments. The restaurant faces the ramparts and the delightful statue garden. Opened in 1994, Le Mancel pays tribute to Pierre Bernard Mancel, a former bookseller and fine collector from Caen. 49.1856821,-0.3614801 Le Mancel Le Ch\u00e2teau Ducal &#8211; Mus\u00e9e des Beaux-Arts, Ch\u00e2teau de Caen, 14000 [&hellip;]<\/p>\n","protected":false},"author":1,"featured_media":2502,"parent":0,"menu_order":8,"comment_status":"open","ping_status":"open","template":"","meta":{"_acf_changed":false,"footnotes":""},"class_list":["post-2380","page","type-page","status-publish","has-post-thumbnail","hentry"],"acf":[],"yoast_head":"<!-- This site is optimized with the Yoast SEO plugin v25.3.1 - https:\/\/yoast.com\/wordpress\/plugins\/seo\/ -->\n<title>Le Mancel \u2013 Castle Restaurant in Caen<\/title>\n<meta name=\"description\" content=\"Discover Le\u202fMancel, a castle restaurant in Caen overlooking the historic ramparts.\" \/>\n<meta name=\"robots\" content=\"index, follow, max-snippet:-1, max-image-preview:large, max-video-preview:-1\" \/>\n<link rel=\"canonical\" href=\"https:\/\/travaux.lemancel.fr\/\" \/>\n<meta property=\"og:locale\" content=\"en_US\" \/>\n<meta property=\"og:type\" content=\"article\" \/>\n<meta property=\"og:title\" content=\"Le Mancel \u2013 Castle Restaurant in Caen\" \/>\n<meta property=\"og:description\" content=\"Discover Le\u202fMancel, a castle restaurant in Caen overlooking the historic ramparts.\" \/>\n<meta property=\"og:url\" content=\"https:\/\/travaux.lemancel.fr\/\" \/>\n<meta property=\"og:site_name\" content=\"Le Mancel\" \/>\n<meta property=\"article:modified_time\" content=\"2025-07-16T10:56:06+00:00\" \/>\n<meta property=\"og:image\" content=\"https:\/\/travaux.lemancel.fr\/wp-content\/uploads\/2025\/07\/hero-section-home-macel-bn.jpg\" \/>\n\t<meta property=\"og:image:width\" content=\"1920\" \/>\n\t<meta property=\"og:image:height\" content=\"1080\" \/>\n\t<meta property=\"og:image:type\" content=\"image\/jpeg\" \/>\n<meta name=\"twitter:card\" content=\"summary_large_image\" \/>\n<meta name=\"twitter:label1\" content=\"Est. reading time\" \/>\n\t<meta name=\"twitter:data1\" content=\"3 minutes\" \/>\n<script type=\"application\/ld+json\" class=\"yoast-schema-graph\">{\"@context\":\"https:\/\/schema.org\",\"@graph\":[{\"@type\":\"WebPage\",\"@id\":\"https:\/\/travaux.lemancel.fr\/\",\"url\":\"https:\/\/travaux.lemancel.fr\/\",\"name\":\"Le Mancel \u2013 Castle Restaurant in Caen\",\"isPartOf\":{\"@id\":\"https:\/\/travaux.lemancel.fr\/#website\"},\"primaryImageOfPage\":{\"@id\":\"https:\/\/travaux.lemancel.fr\/#primaryimage\"},\"image\":{\"@id\":\"https:\/\/travaux.lemancel.fr\/#primaryimage\"},\"thumbnailUrl\":\"https:\/\/travaux.lemancel.fr\/wp-content\/uploads\/2025\/07\/hero-section-home-macel-bn.jpg\",\"datePublished\":\"2019-09-02T05:23:47+00:00\",\"dateModified\":\"2025-07-16T10:56:06+00:00\",\"description\":\"Discover Le\u202fMancel, a castle restaurant in Caen overlooking the historic ramparts.\",\"breadcrumb\":{\"@id\":\"https:\/\/travaux.lemancel.fr\/#breadcrumb\"},\"inLanguage\":\"en-US\",\"potentialAction\":[{\"@type\":\"ReadAction\",\"target\":[\"https:\/\/travaux.lemancel.fr\/\"]}]},{\"@type\":\"ImageObject\",\"inLanguage\":\"en-US\",\"@id\":\"https:\/\/travaux.lemancel.fr\/#primaryimage\",\"url\":\"https:\/\/travaux.lemancel.fr\/wp-content\/uploads\/2025\/07\/hero-section-home-macel-bn.jpg\",\"contentUrl\":\"https:\/\/travaux.lemancel.fr\/wp-content\/uploads\/2025\/07\/hero-section-home-macel-bn.jpg\",\"width\":1920,\"height\":1080},{\"@type\":\"BreadcrumbList\",\"@id\":\"https:\/\/travaux.lemancel.fr\/#breadcrumb\",\"itemListElement\":[{\"@type\":\"ListItem\",\"position\":1,\"name\":\"Accueil\",\"item\":\"https:\/\/travaux.lemancel.fr\/\"},{\"@type\":\"ListItem\",\"position\":2,\"name\":\"Home\"}]},{\"@type\":\"WebSite\",\"@id\":\"https:\/\/travaux.lemancel.fr\/#website\",\"url\":\"https:\/\/travaux.lemancel.fr\/\",\"name\":\"Le Mancel\",\"description\":\"Restaurant du Ch\u00e2teau\",\"potentialAction\":[{\"@type\":\"SearchAction\",\"target\":{\"@type\":\"EntryPoint\",\"urlTemplate\":\"https:\/\/travaux.lemancel.fr\/?s={search_term_string}\"},\"query-input\":{\"@type\":\"PropertyValueSpecification\",\"valueRequired\":true,\"valueName\":\"search_term_string\"}}],\"inLanguage\":\"en-US\"}]}<\/script>\n<!-- \/ Yoast SEO plugin. -->","yoast_head_json":{"title":"Le Mancel \u2013 Castle Restaurant in Caen","description":"Discover Le\u202fMancel, a castle restaurant in Caen overlooking the historic ramparts.","robots":{"index":"index","follow":"follow","max-snippet":"max-snippet:-1","max-image-preview":"max-image-preview:large","max-video-preview":"max-video-preview:-1"},"canonical":"https:\/\/travaux.lemancel.fr\/","og_locale":"en_US","og_type":"article","og_title":"Le Mancel \u2013 Castle Restaurant in Caen","og_description":"Discover Le\u202fMancel, a castle restaurant in Caen overlooking the historic ramparts.","og_url":"https:\/\/travaux.lemancel.fr\/","og_site_name":"Le Mancel","article_modified_time":"2025-07-16T10:56:06+00:00","og_image":[{"width":1920,"height":1080,"url":"https:\/\/travaux.lemancel.fr\/wp-content\/uploads\/2025\/07\/hero-section-home-macel-bn.jpg","type":"image\/jpeg"}],"twitter_card":"summary_large_image","twitter_misc":{"Est. reading time":"3 minutes"},"schema":{"@context":"https:\/\/schema.org","@graph":[{"@type":"WebPage","@id":"https:\/\/travaux.lemancel.fr\/","url":"https:\/\/travaux.lemancel.fr\/","name":"Le Mancel \u2013 Castle Restaurant in Caen","isPartOf":{"@id":"https:\/\/travaux.lemancel.fr\/#website"},"primaryImageOfPage":{"@id":"https:\/\/travaux.lemancel.fr\/#primaryimage"},"image":{"@id":"https:\/\/travaux.lemancel.fr\/#primaryimage"},"thumbnailUrl":"https:\/\/travaux.lemancel.fr\/wp-content\/uploads\/2025\/07\/hero-section-home-macel-bn.jpg","datePublished":"2019-09-02T05:23:47+00:00","dateModified":"2025-07-16T10:56:06+00:00","description":"Discover Le\u202fMancel, a castle restaurant in Caen overlooking the historic ramparts.","breadcrumb":{"@id":"https:\/\/travaux.lemancel.fr\/#breadcrumb"},"inLanguage":"en-US","potentialAction":[{"@type":"ReadAction","target":["https:\/\/travaux.lemancel.fr\/"]}]},{"@type":"ImageObject","inLanguage":"en-US","@id":"https:\/\/travaux.lemancel.fr\/#primaryimage","url":"https:\/\/travaux.lemancel.fr\/wp-content\/uploads\/2025\/07\/hero-section-home-macel-bn.jpg","contentUrl":"https:\/\/travaux.lemancel.fr\/wp-content\/uploads\/2025\/07\/hero-section-home-macel-bn.jpg","width":1920,"height":1080},{"@type":"BreadcrumbList","@id":"https:\/\/travaux.lemancel.fr\/#breadcrumb","itemListElement":[{"@type":"ListItem","position":1,"name":"Accueil","item":"https:\/\/travaux.lemancel.fr\/"},{"@type":"ListItem","position":2,"name":"Home"}]},{"@type":"WebSite","@id":"https:\/\/travaux.lemancel.fr\/#website","url":"https:\/\/travaux.lemancel.fr\/","name":"Le Mancel","description":"Restaurant du Ch\u00e2teau","potentialAction":[{"@type":"SearchAction","target":{"@type":"EntryPoint","urlTemplate":"https:\/\/travaux.lemancel.fr\/?s={search_term_string}"},"query-input":{"@type":"PropertyValueSpecification","valueRequired":true,"valueName":"search_term_string"}}],"inLanguage":"en-US"}]}},"_links":{"self":[{"href":"https:\/\/travaux.lemancel.fr\/en\/wp-json\/wp\/v2\/pages\/2380","targetHints":{"allow":["GET"]}}],"collection":[{"href":"https:\/\/travaux.lemancel.fr\/en\/wp-json\/wp\/v2\/pages"}],"about":[{"href":"https:\/\/travaux.lemancel.fr\/en\/wp-json\/wp\/v2\/types\/page"}],"author":[{"embeddable":true,"href":"https:\/\/travaux.lemancel.fr\/en\/wp-json\/wp\/v2\/users\/1"}],"replies":[{"embeddable":true,"href":"https:\/\/travaux.lemancel.fr\/en\/wp-json\/wp\/v2\/comments?post=2380"}],"version-history":[{"count":43,"href":"https:\/\/travaux.lemancel.fr\/en\/wp-json\/wp\/v2\/pages\/2380\/revisions"}],"predecessor-version":[{"id":3166,"href":"https:\/\/travaux.lemancel.fr\/en\/wp-json\/wp\/v2\/pages\/2380\/revisions\/3166"}],"wp:featuredmedia":[{"embeddable":true,"href":"https:\/\/travaux.lemancel.fr\/en\/wp-json\/wp\/v2\/media\/2502"}],"wp:attachment":[{"href":"https:\/\/travaux.lemancel.fr\/en\/wp-json\/wp\/v2\/media?parent=2380"}],"curies":[{"name":"wp","href":"https:\/\/api.w.org\/{rel}","templated":true}]}}